{"id":18,"date":"2023-03-11T13:07:22","date_gmt":"2023-03-11T12:07:22","guid":{"rendered":"http:\/\/z2\/wordpress\/?page_id=18"},"modified":"2025-06-11T14:22:02","modified_gmt":"2025-06-11T12:22:02","slug":"4-rocne-studijne-odbory-a-nadstavbove-odbory","status":"publish","type":"page","link":"https:\/\/stansastavbarom.sk\/?page_id=18","title":{"rendered":"4 &#8211; Ro\u010dn\u00e9 \u0161tudijn\u00e9 odbory a nadstavbov\u00e9 odbory"},"content":{"rendered":"\n<p>\u0160tudenti, ktor\u00ed sa rozhodn\u00fa pre 4-ro\u010dn\u00fd \u0161tudijn\u00fd odbor na strednej \u0161kole, maj\u00fa viac \u010dasu na z\u00edskanie hlb\u0161\u00edch a rozsiahlej\u0161\u00edch znalost\u00ed v oblasti svojho z\u00e1ujmu. To im umo\u017en\u00ed z\u00edska\u0165 konkr\u00e9tne zru\u010dnosti, ktor\u00e9 s\u00fa potrebn\u00e9 pre ich bud\u00facu kari\u00e9ru.Maj\u00fa tie\u017e lep\u0161iu pr\u00edpravu na vysoko\u0161kolsk\u00e9 \u0161t\u00fadium v odbore, ktor\u00fd si zvolili. <\/p>\n\n\n\n<p>Uplatnenie:<\/p>\n\n\n\n<p><strong>Stavite\u013estvo<\/strong><\/p>\n\n\n\n<p>technick\u00ed mana\u017e\u00e9ri pre oblas\u0165 stavebn\u00edctva, stavbyved\u00faci, majstri, stavebn\u00fd dozor, dispe\u010deri, kontrol\u00f3ri kvality, rozpo\u010dt\u00e1ri, projektanti.<\/p>\n\n\n\n<p><strong>Geod\u00e9zia, kartografia a kataster<\/strong><\/p>\n\n\n\n<p>projektuj\u00fa a organizuj\u00fa pr\u00e1ce pri budovan\u00ed geodetick\u00fdch siet\u00ed, pri<br>topografickom mapovan\u00ed, organizuj\u00fa pr\u00e1cu pri v\u00fdkone \u0161t\u00e1tnej spr\u00e1vy katastra<br>nehnute\u013enost\u00ed, pri prieskume pr\u00e1vnych list\u00edn vz\u0165ahuj\u00facich sa k nehnute\u013enostiam a ich z\u00e1pise do katastra nehnute\u013enost\u00ed. Vymeriavaj\u00fa a vyty\u010duj\u00fa nov\u00e9 stavby, kontroluj\u00fa presnos\u0165 kon\u0161trukci\u00ed, zameriavaj\u00fa stavby, vyhotovuj\u00fa mera\u010dsk\u00e9 n\u00e1\u010drty, geometrick\u00e9 pl\u00e1ny.<\/p>\n\n\n\n<p><\/p>\n\n\n\n<figure class=\"wp-block-table is-style-stripes\"><table class=\"has-fixed-layout\"><thead><tr><th>K\u00f3d<\/th><th>N\u00e1zov<\/th><\/tr><\/thead><tbody><tr><td>3650M<\/td><td>stavite\u013estvo<\/td><\/tr><tr><td>3660M<\/td><td>vodn\u00e9 hospod\u00e1rstvo<\/td><\/tr><tr><td>3692M<\/td><td>geod\u00e9zia,kartografia a kataster<\/td><\/tr><tr><td>3656K<\/td><td>oper\u00e1tor stavebnej v\u00fdroby<\/td><\/tr><tr><td>3658K<\/td><td>mechanik stavebnoin\u0161tala\u010dn\u00fdch zariaden\u00ed<\/td><\/tr><tr><td>3667K<\/td><td>technik vod\u00e1r vodohospod\u00e1r<\/td><\/tr><tr><td>3693K<\/td><td>technik energetick\u00fdch zariaden\u00ed budov<\/td><\/tr><\/tbody><\/table><\/figure>\n\n\n\n<figure class=\"wp-block-gallery has-nested-images columns-default is-cropped has-background wp-block-gallery-1 is-layout-flex wp-block-gallery-is-layout-flex\" style=\"background-color:#0596ae80\">\n<figure class=\"wp-block-image size-large\"><img loading=\"lazy\" decoding=\"async\" width=\"1024\" height=\"678\" data-id=\"270\" src=\"https:\/\/d.r5.wbsprt.com\/stansastavbarom.sk\/wp-content\/uploads\/2023\/03\/pexels-pixabay-271667-1024x678.jpg\" alt=\"\" class=\"wp-image-270\" srcset=\"https:\/\/stansastavbarom.sk\/wp-content\/uploads\/2023\/03\/pexels-pixabay-271667-1024x678.jpg 1024w, https:\/\/stansastavbarom.sk\/wp-content\/uploads\/2023\/03\/pexels-pixabay-271667-300x199.jpg 300w, https:\/\/stansastavbarom.sk\/wp-content\/uploads\/2023\/03\/pexels-pixabay-271667-768x509.jpg 768w, https:\/\/stansastavbarom.sk\/wp-content\/uploads\/2023\/03\/pexels-pixabay-271667-1536x1017.jpg 1536w, https:\/\/stansastavbarom.sk\/wp-content\/uploads\/2023\/03\/pexels-pixabay-271667-2048x1356.jpg 2048w\" sizes=\"auto, (max-width: 706px) 89vw, (max-width: 767px) 82vw, 740px\" \/><\/figure>\n\n\n\n<figure class=\"wp-block-image size-large\"><img loading=\"lazy\" decoding=\"async\" width=\"960\" height=\"640\" data-id=\"420\" src=\"https:\/\/d.r5.wbsprt.com\/stansastavbarom.sk\/wp-content\/uploads\/2023\/03\/construction-site-5562249_960_720.jpg\" alt=\"\" class=\"wp-image-420\" srcset=\"https:\/\/stansastavbarom.sk\/wp-content\/uploads\/2023\/03\/construction-site-5562249_960_720.jpg 960w, https:\/\/stansastavbarom.sk\/wp-content\/uploads\/2023\/03\/construction-site-5562249_960_720-300x200.jpg 300w, https:\/\/stansastavbarom.sk\/wp-content\/uploads\/2023\/03\/construction-site-5562249_960_720-768x512.jpg 768w\" sizes=\"auto, (max-width: 706px) 89vw, (max-width: 767px) 82vw, 740px\" \/><\/figure>\n\n\n\n<figure class=\"wp-block-image size-large\"><img loading=\"lazy\" decoding=\"async\" width=\"960\" height=\"640\" data-id=\"414\" src=\"https:\/\/d.r5.wbsprt.com\/stansastavbarom.sk\/wp-content\/uploads\/2023\/03\/architecture-1857175_960_720.jpg\" alt=\"\" class=\"wp-image-414\" srcset=\"https:\/\/stansastavbarom.sk\/wp-content\/uploads\/2023\/03\/architecture-1857175_960_720.jpg 960w, https:\/\/stansastavbarom.sk\/wp-content\/uploads\/2023\/03\/architecture-1857175_960_720-300x200.jpg 300w, https:\/\/stansastavbarom.sk\/wp-content\/uploads\/2023\/03\/architecture-1857175_960_720-768x512.jpg 768w\" sizes=\"auto, (max-width: 706px) 89vw, (max-width: 767px) 82vw, 740px\" \/><\/figure>\n<\/figure>\n","protected":false},"excerpt":{"rendered":"<p>\u0160tudenti, ktor\u00ed sa rozhodn\u00fa pre 4-ro\u010dn\u00fd \u0161tudijn\u00fd odbor na strednej \u0161kole, maj\u00fa viac \u010dasu na z\u00edskanie hlb\u0161\u00edch a rozsiahlej\u0161\u00edch znalost\u00ed v oblasti svojho z\u00e1ujmu. To im umo\u017en\u00ed z\u00edska\u0165 konkr\u00e9tne zru\u010dnosti, ktor\u00e9 s\u00fa potrebn\u00e9 pre ich bud\u00facu kari\u00e9ru.Maj\u00fa tie\u017e lep\u0161iu pr\u00edpravu na vysoko\u0161kolsk\u00e9 \u0161t\u00fadium v odbore, ktor\u00fd si zvolili. Uplatnenie: Stavite\u013estvo technick\u00ed mana\u017e\u00e9ri pre oblas\u0165 stavebn\u00edctva, &hellip; <\/p>\n<p class=\"link-more\"><a href=\"https:\/\/stansastavbarom.sk\/?page_id=18\" class=\"more-link\">Pokra\u010dova\u0165 v \u010d\u00edtan\u00ed<span class=\"screen-reader-text\"> &#8222;4 &#8211; Ro\u010dn\u00e9 \u0161tudijn\u00e9 odbory a nadstavbov\u00e9 odbory&#8220;<\/span><\/a><\/p>\n","protected":false},"author":1,"featured_media":0,"parent":0,"menu_order":0,"comment_status":"closed","ping_status":"closed","template":"","meta":{"footnotes":""},"class_list":["post-18","page","type-page","status-publish","hentry"],"yoast_head":"<!-- This site is optimized with the Yoast SEO plugin v25.3 - https:\/\/yoast.com\/wordpress\/plugins\/seo\/ -->\n<title>4 - Ro\u010dn\u00e9 \u0161tudijn\u00e9 odbory a nadstavbov\u00e9 odbory - sta\u0148 sa stavb\u00e1rom<\/title>\n<meta name=\"robots\" content=\"index, follow, max-snippet:-1, max-image-preview:large, max-video-preview:-1\" \/>\n<link rel=\"canonical\" href=\"https:\/\/stansastavbarom.sk\/?page_id=18\" \/>\n<meta property=\"og:locale\" content=\"sk_SK\" \/>\n<meta property=\"og:type\" content=\"article\" \/>\n<meta property=\"og:title\" content=\"4 - Ro\u010dn\u00e9 \u0161tudijn\u00e9 odbory a nadstavbov\u00e9 odbory - sta\u0148 sa stavb\u00e1rom\" \/>\n<meta property=\"og:description\" content=\"\u0160tudenti, ktor\u00ed sa rozhodn\u00fa pre 4-ro\u010dn\u00fd \u0161tudijn\u00fd odbor na strednej \u0161kole, maj\u00fa viac \u010dasu na z\u00edskanie hlb\u0161\u00edch a rozsiahlej\u0161\u00edch znalost\u00ed v oblasti svojho z\u00e1ujmu. To im umo\u017en\u00ed z\u00edska\u0165 konkr\u00e9tne zru\u010dnosti, ktor\u00e9 s\u00fa potrebn\u00e9 pre ich bud\u00facu kari\u00e9ru.Maj\u00fa tie\u017e lep\u0161iu pr\u00edpravu na vysoko\u0161kolsk\u00e9 \u0161t\u00fadium v odbore, ktor\u00fd si zvolili. Uplatnenie: Stavite\u013estvo technick\u00ed mana\u017e\u00e9ri pre oblas\u0165 stavebn\u00edctva, &hellip; Pokra\u010dova\u0165 v \u010d\u00edtan\u00ed &quot;4 &#8211; Ro\u010dn\u00e9 \u0161tudijn\u00e9 odbory a nadstavbov\u00e9 odbory&quot;\" \/>\n<meta property=\"og:url\" content=\"https:\/\/stansastavbarom.sk\/?page_id=18\" \/>\n<meta property=\"og:site_name\" content=\"sta\u0148 sa stavb\u00e1rom\" \/>\n<meta property=\"article:modified_time\" content=\"2025-06-11T12:22:02+00:00\" \/>\n<meta property=\"og:image\" content=\"https:\/\/d.r5.wbsprt.com\/stansastavbarom.sk\/wp-content\/uploads\/2023\/03\/pexels-pixabay-271667-1024x678.jpg\" \/>\n<meta name=\"twitter:card\" content=\"summary_large_image\" \/>\n<meta name=\"twitter:label1\" content=\"Predpokladan\u00fd \u010das \u010d\u00edtania\" \/>\n\t<meta name=\"twitter:data1\" content=\"1 min\u00fata\" \/>\n<script type=\"application\/ld+json\" class=\"yoast-schema-graph\">{\"@context\":\"https:\/\/schema.org\",\"@graph\":[{\"@type\":\"WebPage\",\"@id\":\"https:\/\/stansastavbarom.sk\/?page_id=18\",\"url\":\"https:\/\/stansastavbarom.sk\/?page_id=18\",\"name\":\"4 - Ro\u010dn\u00e9 \u0161tudijn\u00e9 odbory a nadstavbov\u00e9 odbory - sta\u0148 sa stavb\u00e1rom\",\"isPartOf\":{\"@id\":\"https:\/\/stansastavbarom.sk\/#website\"},\"primaryImageOfPage\":{\"@id\":\"https:\/\/stansastavbarom.sk\/?page_id=18#primaryimage\"},\"image\":{\"@id\":\"https:\/\/stansastavbarom.sk\/?page_id=18#primaryimage\"},\"thumbnailUrl\":\"https:\/\/d.r5.wbsprt.com\/stansastavbarom.sk\/wp-content\/uploads\/2023\/03\/pexels-pixabay-271667-1024x678.jpg\",\"datePublished\":\"2023-03-11T12:07:22+00:00\",\"dateModified\":\"2025-06-11T12:22:02+00:00\",\"breadcrumb\":{\"@id\":\"https:\/\/stansastavbarom.sk\/?page_id=18#breadcrumb\"},\"inLanguage\":\"sk-SK\",\"potentialAction\":[{\"@type\":\"ReadAction\",\"target\":[\"https:\/\/stansastavbarom.sk\/?page_id=18\"]}]},{\"@type\":\"ImageObject\",\"inLanguage\":\"sk-SK\",\"@id\":\"https:\/\/stansastavbarom.sk\/?page_id=18#primaryimage\",\"url\":\"https:\/\/d.r5.wbsprt.com\/stansastavbarom.sk\/wp-content\/uploads\/2023\/03\/pexels-pixabay-271667-1024x678.jpg\",\"contentUrl\":\"https:\/\/d.r5.wbsprt.com\/stansastavbarom.sk\/wp-content\/uploads\/2023\/03\/pexels-pixabay-271667-1024x678.jpg\"},{\"@type\":\"BreadcrumbList\",\"@id\":\"https:\/\/stansastavbarom.sk\/?page_id=18#breadcrumb\",\"itemListElement\":[{\"@type\":\"ListItem\",\"position\":1,\"name\":\"Domovsk\u00e1 str\u00e1nka\",\"item\":\"https:\/\/stansastavbarom.sk\/\"},{\"@type\":\"ListItem\",\"position\":2,\"name\":\"4 &#8211; Ro\u010dn\u00e9 \u0161tudijn\u00e9 odbory a nadstavbov\u00e9 odbory\"}]},{\"@type\":\"WebSite\",\"@id\":\"https:\/\/stansastavbarom.sk\/#website\",\"url\":\"https:\/\/stansastavbarom.sk\/\",\"name\":\"sta\u0148 sa stavb\u00e1rom\",\"description\":\"Budujte bud\u00facnos\u0165\",\"publisher\":{\"@id\":\"https:\/\/stansastavbarom.sk\/#organization\"},\"potentialAction\":[{\"@type\":\"SearchAction\",\"target\":{\"@type\":\"EntryPoint\",\"urlTemplate\":\"https:\/\/stansastavbarom.sk\/?s={search_term_string}\"},\"query-input\":{\"@type\":\"PropertyValueSpecification\",\"valueRequired\":true,\"valueName\":\"search_term_string\"}}],\"inLanguage\":\"sk-SK\"},{\"@type\":\"Organization\",\"@id\":\"https:\/\/stansastavbarom.sk\/#organization\",\"name\":\"sta\u0148 sa stavb\u00e1rom\",\"url\":\"https:\/\/stansastavbarom.sk\/\",\"logo\":{\"@type\":\"ImageObject\",\"inLanguage\":\"sk-SK\",\"@id\":\"https:\/\/stansastavbarom.sk\/#\/schema\/logo\/image\/\",\"url\":\"https:\/\/stansastavbarom.sk\/wp-content\/uploads\/2023\/03\/cropped-cropped-logo_-_stan_sa_stavbarom01-removebg-preview1-2.png\",\"contentUrl\":\"https:\/\/stansastavbarom.sk\/wp-content\/uploads\/2023\/03\/cropped-cropped-logo_-_stan_sa_stavbarom01-removebg-preview1-2.png\",\"width\":341,\"height\":250,\"caption\":\"sta\u0148 sa stavb\u00e1rom\"},\"image\":{\"@id\":\"https:\/\/stansastavbarom.sk\/#\/schema\/logo\/image\/\"}}]}<\/script>\n<!-- \/ Yoast SEO plugin. -->","yoast_head_json":{"title":"4 - Ro\u010dn\u00e9 \u0161tudijn\u00e9 odbory a nadstavbov\u00e9 odbory - sta\u0148 sa stavb\u00e1rom","robots":{"index":"index","follow":"follow","max-snippet":"max-snippet:-1","max-image-preview":"max-image-preview:large","max-video-preview":"max-video-preview:-1"},"canonical":"https:\/\/stansastavbarom.sk\/?page_id=18","og_locale":"sk_SK","og_type":"article","og_title":"4 - Ro\u010dn\u00e9 \u0161tudijn\u00e9 odbory a nadstavbov\u00e9 odbory - sta\u0148 sa stavb\u00e1rom","og_description":"\u0160tudenti, ktor\u00ed sa rozhodn\u00fa pre 4-ro\u010dn\u00fd \u0161tudijn\u00fd odbor na strednej \u0161kole, maj\u00fa viac \u010dasu na z\u00edskanie hlb\u0161\u00edch a rozsiahlej\u0161\u00edch znalost\u00ed v oblasti svojho z\u00e1ujmu. To im umo\u017en\u00ed z\u00edska\u0165 konkr\u00e9tne zru\u010dnosti, ktor\u00e9 s\u00fa potrebn\u00e9 pre ich bud\u00facu kari\u00e9ru.Maj\u00fa tie\u017e lep\u0161iu pr\u00edpravu na vysoko\u0161kolsk\u00e9 \u0161t\u00fadium v odbore, ktor\u00fd si zvolili. Uplatnenie: Stavite\u013estvo technick\u00ed mana\u017e\u00e9ri pre oblas\u0165 stavebn\u00edctva, &hellip; Pokra\u010dova\u0165 v \u010d\u00edtan\u00ed \"4 &#8211; Ro\u010dn\u00e9 \u0161tudijn\u00e9 odbory a nadstavbov\u00e9 odbory\"","og_url":"https:\/\/stansastavbarom.sk\/?page_id=18","og_site_name":"sta\u0148 sa stavb\u00e1rom","article_modified_time":"2025-06-11T12:22:02+00:00","og_image":[{"url":"https:\/\/d.r5.wbsprt.com\/stansastavbarom.sk\/wp-content\/uploads\/2023\/03\/pexels-pixabay-271667-1024x678.jpg","type":"","width":"","height":""}],"twitter_card":"summary_large_image","twitter_misc":{"Predpokladan\u00fd \u010das \u010d\u00edtania":"1 min\u00fata"},"schema":{"@context":"https:\/\/schema.org","@graph":[{"@type":"WebPage","@id":"https:\/\/stansastavbarom.sk\/?page_id=18","url":"https:\/\/stansastavbarom.sk\/?page_id=18","name":"4 - Ro\u010dn\u00e9 \u0161tudijn\u00e9 odbory a nadstavbov\u00e9 odbory - sta\u0148 sa stavb\u00e1rom","isPartOf":{"@id":"https:\/\/stansastavbarom.sk\/#website"},"primaryImageOfPage":{"@id":"https:\/\/stansastavbarom.sk\/?page_id=18#primaryimage"},"image":{"@id":"https:\/\/stansastavbarom.sk\/?page_id=18#primaryimage"},"thumbnailUrl":"https:\/\/d.r5.wbsprt.com\/stansastavbarom.sk\/wp-content\/uploads\/2023\/03\/pexels-pixabay-271667-1024x678.jpg","datePublished":"2023-03-11T12:07:22+00:00","dateModified":"2025-06-11T12:22:02+00:00","breadcrumb":{"@id":"https:\/\/stansastavbarom.sk\/?page_id=18#breadcrumb"},"inLanguage":"sk-SK","potentialAction":[{"@type":"ReadAction","target":["https:\/\/stansastavbarom.sk\/?page_id=18"]}]},{"@type":"ImageObject","inLanguage":"sk-SK","@id":"https:\/\/stansastavbarom.sk\/?page_id=18#primaryimage","url":"https:\/\/d.r5.wbsprt.com\/stansastavbarom.sk\/wp-content\/uploads\/2023\/03\/pexels-pixabay-271667-1024x678.jpg","contentUrl":"https:\/\/d.r5.wbsprt.com\/stansastavbarom.sk\/wp-content\/uploads\/2023\/03\/pexels-pixabay-271667-1024x678.jpg"},{"@type":"BreadcrumbList","@id":"https:\/\/stansastavbarom.sk\/?page_id=18#breadcrumb","itemListElement":[{"@type":"ListItem","position":1,"name":"Domovsk\u00e1 str\u00e1nka","item":"https:\/\/stansastavbarom.sk\/"},{"@type":"ListItem","position":2,"name":"4 &#8211; Ro\u010dn\u00e9 \u0161tudijn\u00e9 odbory a nadstavbov\u00e9 odbory"}]},{"@type":"WebSite","@id":"https:\/\/stansastavbarom.sk\/#website","url":"https:\/\/stansastavbarom.sk\/","name":"sta\u0148 sa stavb\u00e1rom","description":"Budujte bud\u00facnos\u0165","publisher":{"@id":"https:\/\/stansastavbarom.sk\/#organization"},"potentialAction":[{"@type":"SearchAction","target":{"@type":"EntryPoint","urlTemplate":"https:\/\/stansastavbarom.sk\/?s={search_term_string}"},"query-input":{"@type":"PropertyValueSpecification","valueRequired":true,"valueName":"search_term_string"}}],"inLanguage":"sk-SK"},{"@type":"Organization","@id":"https:\/\/stansastavbarom.sk\/#organization","name":"sta\u0148 sa stavb\u00e1rom","url":"https:\/\/stansastavbarom.sk\/","logo":{"@type":"ImageObject","inLanguage":"sk-SK","@id":"https:\/\/stansastavbarom.sk\/#\/schema\/logo\/image\/","url":"https:\/\/stansastavbarom.sk\/wp-content\/uploads\/2023\/03\/cropped-cropped-logo_-_stan_sa_stavbarom01-removebg-preview1-2.png","contentUrl":"https:\/\/stansastavbarom.sk\/wp-content\/uploads\/2023\/03\/cropped-cropped-logo_-_stan_sa_stavbarom01-removebg-preview1-2.png","width":341,"height":250,"caption":"sta\u0148 sa stavb\u00e1rom"},"image":{"@id":"https:\/\/stansastavbarom.sk\/#\/schema\/logo\/image\/"}}]}},"_links":{"self":[{"href":"https:\/\/stansastavbarom.sk\/index.php?rest_route=\/wp\/v2\/pages\/18","targetHints":{"allow":["GET"]}}],"collection":[{"href":"https:\/\/stansastavbarom.sk\/index.php?rest_route=\/wp\/v2\/pages"}],"about":[{"href":"https:\/\/stansastavbarom.sk\/index.php?rest_route=\/wp\/v2\/types\/page"}],"author":[{"embeddable":true,"href":"https:\/\/stansastavbarom.sk\/index.php?rest_route=\/wp\/v2\/users\/1"}],"replies":[{"embeddable":true,"href":"https:\/\/stansastavbarom.sk\/index.php?rest_route=%2Fwp%2Fv2%2Fcomments&post=18"}],"version-history":[{"count":6,"href":"https:\/\/stansastavbarom.sk\/index.php?rest_route=\/wp\/v2\/pages\/18\/revisions"}],"predecessor-version":[{"id":1225,"href":"https:\/\/stansastavbarom.sk\/index.php?rest_route=\/wp\/v2\/pages\/18\/revisions\/1225"}],"wp:attachment":[{"href":"https:\/\/stansastavbarom.sk\/index.php?rest_route=%2Fwp%2Fv2%2Fmedia&parent=18"}],"curies":[{"name":"wp","href":"https:\/\/api.w.org\/{rel}","templated":true}]}}