{"id":24,"date":"2023-03-11T14:33:07","date_gmt":"2023-03-11T13:33:07","guid":{"rendered":"http:\/\/z2\/wordpress\/?page_id=24"},"modified":"2025-06-11T14:32:18","modified_gmt":"2025-06-11T12:32:18","slug":"pomaturitne-studium","status":"publish","type":"page","link":"https:\/\/stansastavbarom.sk\/?page_id=24","title":{"rendered":"Pomaturitn\u00e9 \u0161t\u00fadium"},"content":{"rendered":"\n<p>Stredn\u00ed technick\u00ed pracovn\u00edci v stavebn\u00edctve &#8211; technick\u00ed mana\u017e\u00e9ri pre<br>oblas\u0165 stavebn\u00edctva, stavbyved\u00faci, majstri, stavebn\u00fd dozor, dispe\u010deri, kontrol\u00f3ri kvality, rozpo\u010dt\u00e1ri, projektanti ai.<\/p>\n\n\n<ul class=\"wp-block-list\">\n<li style=\"margin-bottom: 10px;\">Zvy\u010dajne riadia mal\u00fa skupinu zamestnancov.<\/li>\n\n<li style=\"margin-bottom: 10px;\">V praxi vykon\u00e1vaj\u00fa rozmanit\u00e9 funkcie kon\u0161truk\u010dn\u00e9ho, technologick\u00e9ho<br>a prev\u00e1dzkov\u00e9ho charakteru, ale i na \u00faseku ekonomiky, obchodu a slu\u017eieb v danom odbore.<\/li>\n\n<li style=\"margin-bottom: 10px;\">Uplat\u0148uj\u00fa sa ako technicko-hospod\u00e1rski pracovn\u00edci stavebn\u00edctve (pri v\u00fdrobe stavieb, ich \u00fadr\u017ebe a rekon\u0161trukcii), ale aj v in\u00fdch odvetviach hospod\u00e1rstva. M\u00f4\u017eu aj s\u00fakromne podnika\u0165.<\/li>\n<\/ul>\n","protected":false},"excerpt":{"rendered":"<p>Stredn\u00ed technick\u00ed pracovn\u00edci v stavebn\u00edctve &#8211; technick\u00ed mana\u017e\u00e9ri preoblas\u0165 stavebn\u00edctva, stavbyved\u00faci, majstri, stavebn\u00fd dozor, dispe\u010deri, kontrol\u00f3ri kvality, rozpo\u010dt\u00e1ri, projektanti ai. Zvy\u010dajne riadia mal\u00fa skupinu zamestnancov. V praxi vykon\u00e1vaj\u00fa rozmanit\u00e9 funkcie kon\u0161truk\u010dn\u00e9ho, technologick\u00e9hoa prev\u00e1dzkov\u00e9ho charakteru, ale i na \u00faseku ekonomiky, obchodu a slu\u017eieb v danom odbore. Uplat\u0148uj\u00fa sa ako technicko-hospod\u00e1rski pracovn\u00edci stavebn\u00edctve (pri v\u00fdrobe stavieb, ich &hellip; <\/p>\n<p class=\"link-more\"><a href=\"https:\/\/stansastavbarom.sk\/?page_id=24\" class=\"more-link\">Pokra\u010dova\u0165 v \u010d\u00edtan\u00ed<span class=\"screen-reader-text\"> &#8222;Pomaturitn\u00e9 \u0161t\u00fadium&#8220;<\/span><\/a><\/p>\n","protected":false},"author":2,"featured_media":0,"parent":0,"menu_order":0,"comment_status":"closed","ping_status":"closed","template":"","meta":{"footnotes":""},"class_list":["post-24","page","type-page","status-publish","hentry"],"yoast_head":"<!-- This site is optimized with the Yoast SEO plugin v25.3 - https:\/\/yoast.com\/wordpress\/plugins\/seo\/ -->\n<title>Pomaturitn\u00e9 \u0161t\u00fadium - sta\u0148 sa stavb\u00e1rom<\/title>\n<meta name=\"robots\" content=\"index, follow, max-snippet:-1, max-image-preview:large, max-video-preview:-1\" \/>\n<link rel=\"canonical\" href=\"https:\/\/stansastavbarom.sk\/?page_id=24\" \/>\n<meta property=\"og:locale\" content=\"sk_SK\" \/>\n<meta property=\"og:type\" content=\"article\" \/>\n<meta property=\"og:title\" content=\"Pomaturitn\u00e9 \u0161t\u00fadium - sta\u0148 sa stavb\u00e1rom\" \/>\n<meta property=\"og:description\" content=\"Stredn\u00ed technick\u00ed pracovn\u00edci v stavebn\u00edctve &#8211; technick\u00ed mana\u017e\u00e9ri preoblas\u0165 stavebn\u00edctva, stavbyved\u00faci, majstri, stavebn\u00fd dozor, dispe\u010deri, kontrol\u00f3ri kvality, rozpo\u010dt\u00e1ri, projektanti ai. Zvy\u010dajne riadia mal\u00fa skupinu zamestnancov. V praxi vykon\u00e1vaj\u00fa rozmanit\u00e9 funkcie kon\u0161truk\u010dn\u00e9ho, technologick\u00e9hoa prev\u00e1dzkov\u00e9ho charakteru, ale i na \u00faseku ekonomiky, obchodu a slu\u017eieb v danom odbore. Uplat\u0148uj\u00fa sa ako technicko-hospod\u00e1rski pracovn\u00edci stavebn\u00edctve (pri v\u00fdrobe stavieb, ich &hellip; Pokra\u010dova\u0165 v \u010d\u00edtan\u00ed &quot;Pomaturitn\u00e9 \u0161t\u00fadium&quot;\" \/>\n<meta property=\"og:url\" content=\"https:\/\/stansastavbarom.sk\/?page_id=24\" \/>\n<meta property=\"og:site_name\" content=\"sta\u0148 sa stavb\u00e1rom\" \/>\n<meta property=\"article:modified_time\" content=\"2025-06-11T12:32:18+00:00\" \/>\n<meta name=\"twitter:card\" content=\"summary_large_image\" \/>\n<script type=\"application\/ld+json\" class=\"yoast-schema-graph\">{\"@context\":\"https:\/\/schema.org\",\"@graph\":[{\"@type\":\"WebPage\",\"@id\":\"https:\/\/stansastavbarom.sk\/?page_id=24\",\"url\":\"https:\/\/stansastavbarom.sk\/?page_id=24\",\"name\":\"Pomaturitn\u00e9 \u0161t\u00fadium - sta\u0148 sa stavb\u00e1rom\",\"isPartOf\":{\"@id\":\"https:\/\/stansastavbarom.sk\/#website\"},\"datePublished\":\"2023-03-11T13:33:07+00:00\",\"dateModified\":\"2025-06-11T12:32:18+00:00\",\"breadcrumb\":{\"@id\":\"https:\/\/stansastavbarom.sk\/?page_id=24#breadcrumb\"},\"inLanguage\":\"sk-SK\",\"potentialAction\":[{\"@type\":\"ReadAction\",\"target\":[\"https:\/\/stansastavbarom.sk\/?page_id=24\"]}]},{\"@type\":\"BreadcrumbList\",\"@id\":\"https:\/\/stansastavbarom.sk\/?page_id=24#breadcrumb\",\"itemListElement\":[{\"@type\":\"ListItem\",\"position\":1,\"name\":\"Domovsk\u00e1 str\u00e1nka\",\"item\":\"https:\/\/stansastavbarom.sk\/\"},{\"@type\":\"ListItem\",\"position\":2,\"name\":\"Pomaturitn\u00e9 \u0161t\u00fadium\"}]},{\"@type\":\"WebSite\",\"@id\":\"https:\/\/stansastavbarom.sk\/#website\",\"url\":\"https:\/\/stansastavbarom.sk\/\",\"name\":\"sta\u0148 sa stavb\u00e1rom\",\"description\":\"Budujte bud\u00facnos\u0165\",\"publisher\":{\"@id\":\"https:\/\/stansastavbarom.sk\/#organization\"},\"potentialAction\":[{\"@type\":\"SearchAction\",\"target\":{\"@type\":\"EntryPoint\",\"urlTemplate\":\"https:\/\/stansastavbarom.sk\/?s={search_term_string}\"},\"query-input\":{\"@type\":\"PropertyValueSpecification\",\"valueRequired\":true,\"valueName\":\"search_term_string\"}}],\"inLanguage\":\"sk-SK\"},{\"@type\":\"Organization\",\"@id\":\"https:\/\/stansastavbarom.sk\/#organization\",\"name\":\"sta\u0148 sa stavb\u00e1rom\",\"url\":\"https:\/\/stansastavbarom.sk\/\",\"logo\":{\"@type\":\"ImageObject\",\"inLanguage\":\"sk-SK\",\"@id\":\"https:\/\/stansastavbarom.sk\/#\/schema\/logo\/image\/\",\"url\":\"https:\/\/stansastavbarom.sk\/wp-content\/uploads\/2023\/03\/cropped-cropped-logo_-_stan_sa_stavbarom01-removebg-preview1-2.png\",\"contentUrl\":\"https:\/\/stansastavbarom.sk\/wp-content\/uploads\/2023\/03\/cropped-cropped-logo_-_stan_sa_stavbarom01-removebg-preview1-2.png\",\"width\":341,\"height\":250,\"caption\":\"sta\u0148 sa stavb\u00e1rom\"},\"image\":{\"@id\":\"https:\/\/stansastavbarom.sk\/#\/schema\/logo\/image\/\"}}]}<\/script>\n<!-- \/ Yoast SEO plugin. -->","yoast_head_json":{"title":"Pomaturitn\u00e9 \u0161t\u00fadium - sta\u0148 sa stavb\u00e1rom","robots":{"index":"index","follow":"follow","max-snippet":"max-snippet:-1","max-image-preview":"max-image-preview:large","max-video-preview":"max-video-preview:-1"},"canonical":"https:\/\/stansastavbarom.sk\/?page_id=24","og_locale":"sk_SK","og_type":"article","og_title":"Pomaturitn\u00e9 \u0161t\u00fadium - sta\u0148 sa stavb\u00e1rom","og_description":"Stredn\u00ed technick\u00ed pracovn\u00edci v stavebn\u00edctve &#8211; technick\u00ed mana\u017e\u00e9ri preoblas\u0165 stavebn\u00edctva, stavbyved\u00faci, majstri, stavebn\u00fd dozor, dispe\u010deri, kontrol\u00f3ri kvality, rozpo\u010dt\u00e1ri, projektanti ai. Zvy\u010dajne riadia mal\u00fa skupinu zamestnancov. V praxi vykon\u00e1vaj\u00fa rozmanit\u00e9 funkcie kon\u0161truk\u010dn\u00e9ho, technologick\u00e9hoa prev\u00e1dzkov\u00e9ho charakteru, ale i na \u00faseku ekonomiky, obchodu a slu\u017eieb v danom odbore. Uplat\u0148uj\u00fa sa ako technicko-hospod\u00e1rski pracovn\u00edci stavebn\u00edctve (pri v\u00fdrobe stavieb, ich &hellip; Pokra\u010dova\u0165 v \u010d\u00edtan\u00ed \"Pomaturitn\u00e9 \u0161t\u00fadium\"","og_url":"https:\/\/stansastavbarom.sk\/?page_id=24","og_site_name":"sta\u0148 sa stavb\u00e1rom","article_modified_time":"2025-06-11T12:32:18+00:00","twitter_card":"summary_large_image","schema":{"@context":"https:\/\/schema.org","@graph":[{"@type":"WebPage","@id":"https:\/\/stansastavbarom.sk\/?page_id=24","url":"https:\/\/stansastavbarom.sk\/?page_id=24","name":"Pomaturitn\u00e9 \u0161t\u00fadium - sta\u0148 sa stavb\u00e1rom","isPartOf":{"@id":"https:\/\/stansastavbarom.sk\/#website"},"datePublished":"2023-03-11T13:33:07+00:00","dateModified":"2025-06-11T12:32:18+00:00","breadcrumb":{"@id":"https:\/\/stansastavbarom.sk\/?page_id=24#breadcrumb"},"inLanguage":"sk-SK","potentialAction":[{"@type":"ReadAction","target":["https:\/\/stansastavbarom.sk\/?page_id=24"]}]},{"@type":"BreadcrumbList","@id":"https:\/\/stansastavbarom.sk\/?page_id=24#breadcrumb","itemListElement":[{"@type":"ListItem","position":1,"name":"Domovsk\u00e1 str\u00e1nka","item":"https:\/\/stansastavbarom.sk\/"},{"@type":"ListItem","position":2,"name":"Pomaturitn\u00e9 \u0161t\u00fadium"}]},{"@type":"WebSite","@id":"https:\/\/stansastavbarom.sk\/#website","url":"https:\/\/stansastavbarom.sk\/","name":"sta\u0148 sa stavb\u00e1rom","description":"Budujte bud\u00facnos\u0165","publisher":{"@id":"https:\/\/stansastavbarom.sk\/#organization"},"potentialAction":[{"@type":"SearchAction","target":{"@type":"EntryPoint","urlTemplate":"https:\/\/stansastavbarom.sk\/?s={search_term_string}"},"query-input":{"@type":"PropertyValueSpecification","valueRequired":true,"valueName":"search_term_string"}}],"inLanguage":"sk-SK"},{"@type":"Organization","@id":"https:\/\/stansastavbarom.sk\/#organization","name":"sta\u0148 sa stavb\u00e1rom","url":"https:\/\/stansastavbarom.sk\/","logo":{"@type":"ImageObject","inLanguage":"sk-SK","@id":"https:\/\/stansastavbarom.sk\/#\/schema\/logo\/image\/","url":"https:\/\/stansastavbarom.sk\/wp-content\/uploads\/2023\/03\/cropped-cropped-logo_-_stan_sa_stavbarom01-removebg-preview1-2.png","contentUrl":"https:\/\/stansastavbarom.sk\/wp-content\/uploads\/2023\/03\/cropped-cropped-logo_-_stan_sa_stavbarom01-removebg-preview1-2.png","width":341,"height":250,"caption":"sta\u0148 sa stavb\u00e1rom"},"image":{"@id":"https:\/\/stansastavbarom.sk\/#\/schema\/logo\/image\/"}}]}},"_links":{"self":[{"href":"https:\/\/stansastavbarom.sk\/index.php?rest_route=\/wp\/v2\/pages\/24","targetHints":{"allow":["GET"]}}],"collection":[{"href":"https:\/\/stansastavbarom.sk\/index.php?rest_route=\/wp\/v2\/pages"}],"about":[{"href":"https:\/\/stansastavbarom.sk\/index.php?rest_route=\/wp\/v2\/types\/page"}],"author":[{"embeddable":true,"href":"https:\/\/stansastavbarom.sk\/index.php?rest_route=\/wp\/v2\/users\/2"}],"replies":[{"embeddable":true,"href":"https:\/\/stansastavbarom.sk\/index.php?rest_route=%2Fwp%2Fv2%2Fcomments&post=24"}],"version-history":[{"count":6,"href":"https:\/\/stansastavbarom.sk\/index.php?rest_route=\/wp\/v2\/pages\/24\/revisions"}],"predecessor-version":[{"id":1228,"href":"https:\/\/stansastavbarom.sk\/index.php?rest_route=\/wp\/v2\/pages\/24\/revisions\/1228"}],"wp:attachment":[{"href":"https:\/\/stansastavbarom.sk\/index.php?rest_route=%2Fwp%2Fv2%2Fmedia&parent=24"}],"curies":[{"name":"wp","href":"https:\/\/api.w.org\/{rel}","templated":true}]}}