{"id":446,"date":"2023-03-18T20:41:14","date_gmt":"2023-03-18T19:41:14","guid":{"rendered":"https:\/\/d.r5.wbsprt.com\/stansastavbarom.sk\/?page_id=446"},"modified":"2024-02-27T21:59:07","modified_gmt":"2024-02-27T20:59:07","slug":"o-projekte","status":"publish","type":"page","link":"https:\/\/stansastavbarom.sk\/","title":{"rendered":"oprojekte"},"content":{"rendered":"<div class=\"wp-block-image\">\n<figure class=\"alignright\"><img loading=\"lazy\" decoding=\"async\" width=\"341\" height=\"250\" src=\"http:\/\/stansastavbarom.sk\/wp-content\/uploads\/2023\/03\/cropped-logo_-_stan_sa_stavbarom01-removebg-preview1-2.png\" alt=\"\" class=\"wp-image-798\" srcset=\"https:\/\/stansastavbarom.sk\/wp-content\/uploads\/2023\/03\/cropped-logo_-_stan_sa_stavbarom01-removebg-preview1-2.png 341w, https:\/\/stansastavbarom.sk\/wp-content\/uploads\/2023\/03\/cropped-logo_-_stan_sa_stavbarom01-removebg-preview1-2-300x220.png 300w\" sizes=\"auto, (max-width: 341px) 100vw, 341px\" \/><\/figure><\/div>\n\n\n<p class=\"has-medium-font-size\">O Projekte<\/p>\n\n\n\n<p><\/p>\n\n\n\n<p><\/p>\n\n\n\n<p><\/p>\n\n\n\n<p><\/p>\n\n\n\n<p><\/p>\n\n\n\n<p>Projekt STA\u0147 SA STAVB\u00c1ROM je v\u00fdsledok akt\u00edvnej \u010dinnosti &nbsp;<strong>Pracovnej skupiny pre koordin\u00e1ciu odborn\u00e9ho vzdel\u00e1vania a&nbsp;pr\u00edpravy v&nbsp;rezorte dopravy a v\u00fdstavby<\/strong>, ktor\u00e1 bola zriaden\u00e1 Rozhodnut\u00edm ved\u00faceho slu\u017eobn\u00e9ho \u00faradu Ministerstva dopravy, v\u00fdstavby a&nbsp;region\u00e1lneho rozvoja SR v&nbsp;roku 2015.<\/p>\n\n\n\n<p>Hlavn\u00fdm cie\u013eom projektu je pribl\u00ed\u017ei\u0165 \u017eiakom z\u00e1kladn\u00fdch \u0161k\u00f4l a&nbsp;ich rodi\u010dom <strong>mo\u017enosti stredo\u0161kolsk\u00e9ho odborn\u00e9ho vzdel\u00e1vania v&nbsp;oblasti stavite\u013estva, geod\u00e9zie, kartografie a katastra,<\/strong> predstavi\u0165 prepojenie \u0161tudijn\u00fdch a&nbsp;u\u010debn\u00fdch odborov s vysoko\u0161kolsk\u00fdm \u0161t\u00fadiom, s povolaniami v&nbsp;stavite\u013estve a&nbsp;pouk\u00e1za\u0165 na mo\u017enosti uplatnenia absolventov v praxi.<\/p>\n\n\n\n<p><\/p>\n","protected":false},"excerpt":{"rendered":"<p>O Projekte Projekt STA\u0147 SA STAVB\u00c1ROM je v\u00fdsledok akt\u00edvnej \u010dinnosti &nbsp;Pracovnej skupiny pre koordin\u00e1ciu odborn\u00e9ho vzdel\u00e1vania a&nbsp;pr\u00edpravy v&nbsp;rezorte dopravy a v\u00fdstavby, ktor\u00e1 bola zriaden\u00e1 Rozhodnut\u00edm ved\u00faceho slu\u017eobn\u00e9ho \u00faradu Ministerstva dopravy, v\u00fdstavby a&nbsp;region\u00e1lneho rozvoja SR v&nbsp;roku 2015. Hlavn\u00fdm cie\u013eom projektu je pribl\u00ed\u017ei\u0165 \u017eiakom z\u00e1kladn\u00fdch \u0161k\u00f4l a&nbsp;ich rodi\u010dom mo\u017enosti stredo\u0161kolsk\u00e9ho odborn\u00e9ho vzdel\u00e1vania v&nbsp;oblasti stavite\u013estva, geod\u00e9zie, kartografie a &hellip; <\/p>\n<p class=\"link-more\"><a href=\"https:\/\/stansastavbarom.sk\/\" class=\"more-link\">Pokra\u010dova\u0165 v \u010d\u00edtan\u00ed<span class=\"screen-reader-text\"> &#8222;oprojekte&#8220;<\/span><\/a><\/p>\n","protected":false},"author":1,"featured_media":0,"parent":0,"menu_order":0,"comment_status":"closed","ping_status":"closed","template":"","meta":{"footnotes":""},"class_list":["post-446","page","type-page","status-publish","hentry"],"yoast_head":"<!-- This site is optimized with the Yoast SEO plugin v25.3 - https:\/\/yoast.com\/wordpress\/plugins\/seo\/ -->\n<title>oprojekte - sta\u0148 sa stavb\u00e1rom<\/title>\n<meta name=\"robots\" content=\"index, follow, max-snippet:-1, max-image-preview:large, max-video-preview:-1\" \/>\n<link rel=\"canonical\" href=\"https:\/\/stansastavbarom.sk\/\" \/>\n<meta property=\"og:locale\" content=\"sk_SK\" \/>\n<meta property=\"og:type\" content=\"article\" \/>\n<meta property=\"og:title\" content=\"oprojekte - sta\u0148 sa stavb\u00e1rom\" \/>\n<meta property=\"og:description\" content=\"O Projekte Projekt STA\u0147 SA STAVB\u00c1ROM je v\u00fdsledok akt\u00edvnej \u010dinnosti &nbsp;Pracovnej skupiny pre koordin\u00e1ciu odborn\u00e9ho vzdel\u00e1vania a&nbsp;pr\u00edpravy v&nbsp;rezorte dopravy a v\u00fdstavby, ktor\u00e1 bola zriaden\u00e1 Rozhodnut\u00edm ved\u00faceho slu\u017eobn\u00e9ho \u00faradu Ministerstva dopravy, v\u00fdstavby a&nbsp;region\u00e1lneho rozvoja SR v&nbsp;roku 2015. Hlavn\u00fdm cie\u013eom projektu je pribl\u00ed\u017ei\u0165 \u017eiakom z\u00e1kladn\u00fdch \u0161k\u00f4l a&nbsp;ich rodi\u010dom mo\u017enosti stredo\u0161kolsk\u00e9ho odborn\u00e9ho vzdel\u00e1vania v&nbsp;oblasti stavite\u013estva, geod\u00e9zie, kartografie a &hellip; Pokra\u010dova\u0165 v \u010d\u00edtan\u00ed &quot;oprojekte&quot;\" \/>\n<meta property=\"og:url\" content=\"https:\/\/stansastavbarom.sk\/\" \/>\n<meta property=\"og:site_name\" content=\"sta\u0148 sa stavb\u00e1rom\" \/>\n<meta property=\"article:modified_time\" content=\"2024-02-27T20:59:07+00:00\" \/>\n<meta property=\"og:image\" content=\"http:\/\/stansastavbarom.sk\/wp-content\/uploads\/2023\/03\/cropped-logo_-_stan_sa_stavbarom01-removebg-preview1-2.png\" \/>\n<meta name=\"twitter:card\" content=\"summary_large_image\" \/>\n<meta name=\"twitter:label1\" content=\"Predpokladan\u00fd \u010das \u010d\u00edtania\" \/>\n\t<meta name=\"twitter:data1\" content=\"1 min\u00fata\" \/>\n<script type=\"application\/ld+json\" class=\"yoast-schema-graph\">{\"@context\":\"https:\/\/schema.org\",\"@graph\":[{\"@type\":\"WebPage\",\"@id\":\"https:\/\/stansastavbarom.sk\/\",\"url\":\"https:\/\/stansastavbarom.sk\/\",\"name\":\"oprojekte - sta\u0148 sa stavb\u00e1rom\",\"isPartOf\":{\"@id\":\"https:\/\/stansastavbarom.sk\/#website\"},\"primaryImageOfPage\":{\"@id\":\"https:\/\/stansastavbarom.sk\/#primaryimage\"},\"image\":{\"@id\":\"https:\/\/stansastavbarom.sk\/#primaryimage\"},\"thumbnailUrl\":\"http:\/\/stansastavbarom.sk\/wp-content\/uploads\/2023\/03\/cropped-logo_-_stan_sa_stavbarom01-removebg-preview1-2.png\",\"datePublished\":\"2023-03-18T19:41:14+00:00\",\"dateModified\":\"2024-02-27T20:59:07+00:00\",\"breadcrumb\":{\"@id\":\"https:\/\/stansastavbarom.sk\/#breadcrumb\"},\"inLanguage\":\"sk-SK\",\"potentialAction\":[{\"@type\":\"ReadAction\",\"target\":[\"https:\/\/stansastavbarom.sk\/\"]}]},{\"@type\":\"ImageObject\",\"inLanguage\":\"sk-SK\",\"@id\":\"https:\/\/stansastavbarom.sk\/#primaryimage\",\"url\":\"https:\/\/stansastavbarom.sk\/wp-content\/uploads\/2023\/03\/cropped-logo_-_stan_sa_stavbarom01-removebg-preview1-2.png\",\"contentUrl\":\"https:\/\/stansastavbarom.sk\/wp-content\/uploads\/2023\/03\/cropped-logo_-_stan_sa_stavbarom01-removebg-preview1-2.png\",\"width\":341,\"height\":250},{\"@type\":\"BreadcrumbList\",\"@id\":\"https:\/\/stansastavbarom.sk\/#breadcrumb\",\"itemListElement\":[{\"@type\":\"ListItem\",\"position\":1,\"name\":\"Domovsk\u00e1 str\u00e1nka\",\"item\":\"https:\/\/stansastavbarom.sk\/\"},{\"@type\":\"ListItem\",\"position\":2,\"name\":\"oprojekte\"}]},{\"@type\":\"WebSite\",\"@id\":\"https:\/\/stansastavbarom.sk\/#website\",\"url\":\"https:\/\/stansastavbarom.sk\/\",\"name\":\"sta\u0148 sa stavb\u00e1rom\",\"description\":\"Budujte bud\u00facnos\u0165\",\"publisher\":{\"@id\":\"https:\/\/stansastavbarom.sk\/#organization\"},\"potentialAction\":[{\"@type\":\"SearchAction\",\"target\":{\"@type\":\"EntryPoint\",\"urlTemplate\":\"https:\/\/stansastavbarom.sk\/?s={search_term_string}\"},\"query-input\":{\"@type\":\"PropertyValueSpecification\",\"valueRequired\":true,\"valueName\":\"search_term_string\"}}],\"inLanguage\":\"sk-SK\"},{\"@type\":\"Organization\",\"@id\":\"https:\/\/stansastavbarom.sk\/#organization\",\"name\":\"sta\u0148 sa stavb\u00e1rom\",\"url\":\"https:\/\/stansastavbarom.sk\/\",\"logo\":{\"@type\":\"ImageObject\",\"inLanguage\":\"sk-SK\",\"@id\":\"https:\/\/stansastavbarom.sk\/#\/schema\/logo\/image\/\",\"url\":\"https:\/\/stansastavbarom.sk\/wp-content\/uploads\/2023\/03\/cropped-cropped-logo_-_stan_sa_stavbarom01-removebg-preview1-2.png\",\"contentUrl\":\"https:\/\/stansastavbarom.sk\/wp-content\/uploads\/2023\/03\/cropped-cropped-logo_-_stan_sa_stavbarom01-removebg-preview1-2.png\",\"width\":341,\"height\":250,\"caption\":\"sta\u0148 sa stavb\u00e1rom\"},\"image\":{\"@id\":\"https:\/\/stansastavbarom.sk\/#\/schema\/logo\/image\/\"}}]}<\/script>\n<!-- \/ Yoast SEO plugin. -->","yoast_head_json":{"title":"oprojekte - sta\u0148 sa stavb\u00e1rom","robots":{"index":"index","follow":"follow","max-snippet":"max-snippet:-1","max-image-preview":"max-image-preview:large","max-video-preview":"max-video-preview:-1"},"canonical":"https:\/\/stansastavbarom.sk\/","og_locale":"sk_SK","og_type":"article","og_title":"oprojekte - sta\u0148 sa stavb\u00e1rom","og_description":"O Projekte Projekt STA\u0147 SA STAVB\u00c1ROM je v\u00fdsledok akt\u00edvnej \u010dinnosti &nbsp;Pracovnej skupiny pre koordin\u00e1ciu odborn\u00e9ho vzdel\u00e1vania a&nbsp;pr\u00edpravy v&nbsp;rezorte dopravy a v\u00fdstavby, ktor\u00e1 bola zriaden\u00e1 Rozhodnut\u00edm ved\u00faceho slu\u017eobn\u00e9ho \u00faradu Ministerstva dopravy, v\u00fdstavby a&nbsp;region\u00e1lneho rozvoja SR v&nbsp;roku 2015. Hlavn\u00fdm cie\u013eom projektu je pribl\u00ed\u017ei\u0165 \u017eiakom z\u00e1kladn\u00fdch \u0161k\u00f4l a&nbsp;ich rodi\u010dom mo\u017enosti stredo\u0161kolsk\u00e9ho odborn\u00e9ho vzdel\u00e1vania v&nbsp;oblasti stavite\u013estva, geod\u00e9zie, kartografie a &hellip; Pokra\u010dova\u0165 v \u010d\u00edtan\u00ed \"oprojekte\"","og_url":"https:\/\/stansastavbarom.sk\/","og_site_name":"sta\u0148 sa stavb\u00e1rom","article_modified_time":"2024-02-27T20:59:07+00:00","og_image":[{"url":"http:\/\/stansastavbarom.sk\/wp-content\/uploads\/2023\/03\/cropped-logo_-_stan_sa_stavbarom01-removebg-preview1-2.png","type":"","width":"","height":""}],"twitter_card":"summary_large_image","twitter_misc":{"Predpokladan\u00fd \u010das \u010d\u00edtania":"1 min\u00fata"},"schema":{"@context":"https:\/\/schema.org","@graph":[{"@type":"WebPage","@id":"https:\/\/stansastavbarom.sk\/","url":"https:\/\/stansastavbarom.sk\/","name":"oprojekte - sta\u0148 sa stavb\u00e1rom","isPartOf":{"@id":"https:\/\/stansastavbarom.sk\/#website"},"primaryImageOfPage":{"@id":"https:\/\/stansastavbarom.sk\/#primaryimage"},"image":{"@id":"https:\/\/stansastavbarom.sk\/#primaryimage"},"thumbnailUrl":"http:\/\/stansastavbarom.sk\/wp-content\/uploads\/2023\/03\/cropped-logo_-_stan_sa_stavbarom01-removebg-preview1-2.png","datePublished":"2023-03-18T19:41:14+00:00","dateModified":"2024-02-27T20:59:07+00:00","breadcrumb":{"@id":"https:\/\/stansastavbarom.sk\/#breadcrumb"},"inLanguage":"sk-SK","potentialAction":[{"@type":"ReadAction","target":["https:\/\/stansastavbarom.sk\/"]}]},{"@type":"ImageObject","inLanguage":"sk-SK","@id":"https:\/\/stansastavbarom.sk\/#primaryimage","url":"https:\/\/stansastavbarom.sk\/wp-content\/uploads\/2023\/03\/cropped-logo_-_stan_sa_stavbarom01-removebg-preview1-2.png","contentUrl":"https:\/\/stansastavbarom.sk\/wp-content\/uploads\/2023\/03\/cropped-logo_-_stan_sa_stavbarom01-removebg-preview1-2.png","width":341,"height":250},{"@type":"BreadcrumbList","@id":"https:\/\/stansastavbarom.sk\/#breadcrumb","itemListElement":[{"@type":"ListItem","position":1,"name":"Domovsk\u00e1 str\u00e1nka","item":"https:\/\/stansastavbarom.sk\/"},{"@type":"ListItem","position":2,"name":"oprojekte"}]},{"@type":"WebSite","@id":"https:\/\/stansastavbarom.sk\/#website","url":"https:\/\/stansastavbarom.sk\/","name":"sta\u0148 sa stavb\u00e1rom","description":"Budujte bud\u00facnos\u0165","publisher":{"@id":"https:\/\/stansastavbarom.sk\/#organization"},"potentialAction":[{"@type":"SearchAction","target":{"@type":"EntryPoint","urlTemplate":"https:\/\/stansastavbarom.sk\/?s={search_term_string}"},"query-input":{"@type":"PropertyValueSpecification","valueRequired":true,"valueName":"search_term_string"}}],"inLanguage":"sk-SK"},{"@type":"Organization","@id":"https:\/\/stansastavbarom.sk\/#organization","name":"sta\u0148 sa stavb\u00e1rom","url":"https:\/\/stansastavbarom.sk\/","logo":{"@type":"ImageObject","inLanguage":"sk-SK","@id":"https:\/\/stansastavbarom.sk\/#\/schema\/logo\/image\/","url":"https:\/\/stansastavbarom.sk\/wp-content\/uploads\/2023\/03\/cropped-cropped-logo_-_stan_sa_stavbarom01-removebg-preview1-2.png","contentUrl":"https:\/\/stansastavbarom.sk\/wp-content\/uploads\/2023\/03\/cropped-cropped-logo_-_stan_sa_stavbarom01-removebg-preview1-2.png","width":341,"height":250,"caption":"sta\u0148 sa stavb\u00e1rom"},"image":{"@id":"https:\/\/stansastavbarom.sk\/#\/schema\/logo\/image\/"}}]}},"_links":{"self":[{"href":"https:\/\/stansastavbarom.sk\/index.php?rest_route=\/wp\/v2\/pages\/446","targetHints":{"allow":["GET"]}}],"collection":[{"href":"https:\/\/stansastavbarom.sk\/index.php?rest_route=\/wp\/v2\/pages"}],"about":[{"href":"https:\/\/stansastavbarom.sk\/index.php?rest_route=\/wp\/v2\/types\/page"}],"author":[{"embeddable":true,"href":"https:\/\/stansastavbarom.sk\/index.php?rest_route=\/wp\/v2\/users\/1"}],"replies":[{"embeddable":true,"href":"https:\/\/stansastavbarom.sk\/index.php?rest_route=%2Fwp%2Fv2%2Fcomments&post=446"}],"version-history":[{"count":6,"href":"https:\/\/stansastavbarom.sk\/index.php?rest_route=\/wp\/v2\/pages\/446\/revisions"}],"predecessor-version":[{"id":864,"href":"https:\/\/stansastavbarom.sk\/index.php?rest_route=\/wp\/v2\/pages\/446\/revisions\/864"}],"wp:attachment":[{"href":"https:\/\/stansastavbarom.sk\/index.php?rest_route=%2Fwp%2Fv2%2Fmedia&parent=446"}],"curies":[{"name":"wp","href":"https:\/\/api.w.org\/{rel}","templated":true}]}}