{"id":543,"date":"2023-05-20T22:31:07","date_gmt":"2023-05-20T20:31:07","guid":{"rendered":"https:\/\/stansastavbarom.sk\/?page_id=543"},"modified":"2025-06-11T12:37:26","modified_gmt":"2025-06-11T10:37:26","slug":"kariera-2","status":"publish","type":"page","link":"https:\/\/stansastavbarom.sk\/?page_id=543","title":{"rendered":"Kariera"},"content":{"rendered":"\n<figure class=\"wp-block-table is-style-stripes\" style=\"font-size:18px\"><table class=\"has-black-color has-text-color has-fixed-layout\"><thead><tr><th><strong>N\u00e1zov<\/strong><\/th><th><strong>Webov\u00e1 adresa<\/strong><\/th><\/tr><\/thead><tbody><tr><td>Zv\u00e4z stavebn\u00fdch in\u017einierov<\/td><td><a href=\"http:\/\/www.szsi-sk.sk\/\">http:\/\/www.szsi-sk.sk\/<\/a><\/td><\/tr><tr><td>Komora geodetov a kartografov<\/td><td><a href=\"https:\/\/kgk.sk\/\">https:\/\/kgk.sk\/<\/a><\/td><\/tr><tr><td> Slovensk\u00e1 komora architektov <\/td><td><a href=\"https:\/\/www.komarch.sk\/\">https:\/\/www.komarch.sk\/<\/a><\/td><\/tr><tr><td>Komora stavebn\u00fdch in\u017einierov<\/td><td><a href=\"https:\/\/www.sksi.sk\/\">https:\/\/www.sksi.sk\/<\/a><\/td><\/tr><tr><td>Zv\u00e4z stavebn\u00fdch podnikate\u013eov Slovenska<\/td><td><a href=\"https:\/\/www.zsps.sk\/web\/\">https:\/\/www.zsps.sk\/web\/<\/a><\/td><\/tr><\/tbody><\/table><\/figure>\n\n\n\n<p><\/p>\n","protected":false},"excerpt":{"rendered":"<p>N\u00e1zov Webov\u00e1 adresa Zv\u00e4z stavebn\u00fdch in\u017einierov http:\/\/www.szsi-sk.sk\/ Komora geodetov a kartografov https:\/\/kgk.sk\/ Slovensk\u00e1 komora architektov https:\/\/www.komarch.sk\/ Komora stavebn\u00fdch in\u017einierov https:\/\/www.sksi.sk\/ Zv\u00e4z stavebn\u00fdch podnikate\u013eov Slovenska https:\/\/www.zsps.sk\/web\/<\/p>\n","protected":false},"author":1,"featured_media":0,"parent":0,"menu_order":0,"comment_status":"closed","ping_status":"closed","template":"","meta":{"footnotes":""},"class_list":["post-543","page","type-page","status-publish","hentry"],"yoast_head":"<!-- This site is optimized with the Yoast SEO plugin v25.3 - https:\/\/yoast.com\/wordpress\/plugins\/seo\/ -->\n<title>Kariera - sta\u0148 sa stavb\u00e1rom<\/title>\n<meta name=\"robots\" content=\"index, follow, max-snippet:-1, max-image-preview:large, max-video-preview:-1\" \/>\n<link rel=\"canonical\" href=\"https:\/\/stansastavbarom.sk\/?page_id=543\" \/>\n<meta property=\"og:locale\" content=\"sk_SK\" \/>\n<meta property=\"og:type\" content=\"article\" \/>\n<meta property=\"og:title\" content=\"Kariera - sta\u0148 sa stavb\u00e1rom\" \/>\n<meta property=\"og:description\" content=\"N\u00e1zov Webov\u00e1 adresa Zv\u00e4z stavebn\u00fdch in\u017einierov http:\/\/www.szsi-sk.sk\/ Komora geodetov a kartografov https:\/\/kgk.sk\/ Slovensk\u00e1 komora architektov https:\/\/www.komarch.sk\/ Komora stavebn\u00fdch in\u017einierov https:\/\/www.sksi.sk\/ Zv\u00e4z stavebn\u00fdch podnikate\u013eov Slovenska https:\/\/www.zsps.sk\/web\/\" \/>\n<meta property=\"og:url\" content=\"https:\/\/stansastavbarom.sk\/?page_id=543\" \/>\n<meta property=\"og:site_name\" content=\"sta\u0148 sa stavb\u00e1rom\" \/>\n<meta property=\"article:modified_time\" content=\"2025-06-11T10:37:26+00:00\" \/>\n<meta name=\"twitter:card\" content=\"summary_large_image\" \/>\n<script type=\"application\/ld+json\" class=\"yoast-schema-graph\">{\"@context\":\"https:\/\/schema.org\",\"@graph\":[{\"@type\":\"WebPage\",\"@id\":\"https:\/\/stansastavbarom.sk\/?page_id=543\",\"url\":\"https:\/\/stansastavbarom.sk\/?page_id=543\",\"name\":\"Kariera - sta\u0148 sa stavb\u00e1rom\",\"isPartOf\":{\"@id\":\"https:\/\/stansastavbarom.sk\/#website\"},\"datePublished\":\"2023-05-20T20:31:07+00:00\",\"dateModified\":\"2025-06-11T10:37:26+00:00\",\"breadcrumb\":{\"@id\":\"https:\/\/stansastavbarom.sk\/?page_id=543#breadcrumb\"},\"inLanguage\":\"sk-SK\",\"potentialAction\":[{\"@type\":\"ReadAction\",\"target\":[\"https:\/\/stansastavbarom.sk\/?page_id=543\"]}]},{\"@type\":\"BreadcrumbList\",\"@id\":\"https:\/\/stansastavbarom.sk\/?page_id=543#breadcrumb\",\"itemListElement\":[{\"@type\":\"ListItem\",\"position\":1,\"name\":\"Domovsk\u00e1 str\u00e1nka\",\"item\":\"https:\/\/stansastavbarom.sk\/\"},{\"@type\":\"ListItem\",\"position\":2,\"name\":\"Kariera\"}]},{\"@type\":\"WebSite\",\"@id\":\"https:\/\/stansastavbarom.sk\/#website\",\"url\":\"https:\/\/stansastavbarom.sk\/\",\"name\":\"sta\u0148 sa stavb\u00e1rom\",\"description\":\"Budujte bud\u00facnos\u0165\",\"publisher\":{\"@id\":\"https:\/\/stansastavbarom.sk\/#organization\"},\"potentialAction\":[{\"@type\":\"SearchAction\",\"target\":{\"@type\":\"EntryPoint\",\"urlTemplate\":\"https:\/\/stansastavbarom.sk\/?s={search_term_string}\"},\"query-input\":{\"@type\":\"PropertyValueSpecification\",\"valueRequired\":true,\"valueName\":\"search_term_string\"}}],\"inLanguage\":\"sk-SK\"},{\"@type\":\"Organization\",\"@id\":\"https:\/\/stansastavbarom.sk\/#organization\",\"name\":\"sta\u0148 sa stavb\u00e1rom\",\"url\":\"https:\/\/stansastavbarom.sk\/\",\"logo\":{\"@type\":\"ImageObject\",\"inLanguage\":\"sk-SK\",\"@id\":\"https:\/\/stansastavbarom.sk\/#\/schema\/logo\/image\/\",\"url\":\"https:\/\/stansastavbarom.sk\/wp-content\/uploads\/2023\/03\/cropped-cropped-logo_-_stan_sa_stavbarom01-removebg-preview1-2.png\",\"contentUrl\":\"https:\/\/stansastavbarom.sk\/wp-content\/uploads\/2023\/03\/cropped-cropped-logo_-_stan_sa_stavbarom01-removebg-preview1-2.png\",\"width\":341,\"height\":250,\"caption\":\"sta\u0148 sa stavb\u00e1rom\"},\"image\":{\"@id\":\"https:\/\/stansastavbarom.sk\/#\/schema\/logo\/image\/\"}}]}<\/script>\n<!-- \/ Yoast SEO plugin. -->","yoast_head_json":{"title":"Kariera - sta\u0148 sa stavb\u00e1rom","robots":{"index":"index","follow":"follow","max-snippet":"max-snippet:-1","max-image-preview":"max-image-preview:large","max-video-preview":"max-video-preview:-1"},"canonical":"https:\/\/stansastavbarom.sk\/?page_id=543","og_locale":"sk_SK","og_type":"article","og_title":"Kariera - sta\u0148 sa stavb\u00e1rom","og_description":"N\u00e1zov Webov\u00e1 adresa Zv\u00e4z stavebn\u00fdch in\u017einierov http:\/\/www.szsi-sk.sk\/ Komora geodetov a kartografov https:\/\/kgk.sk\/ Slovensk\u00e1 komora architektov https:\/\/www.komarch.sk\/ Komora stavebn\u00fdch in\u017einierov https:\/\/www.sksi.sk\/ Zv\u00e4z stavebn\u00fdch podnikate\u013eov Slovenska https:\/\/www.zsps.sk\/web\/","og_url":"https:\/\/stansastavbarom.sk\/?page_id=543","og_site_name":"sta\u0148 sa stavb\u00e1rom","article_modified_time":"2025-06-11T10:37:26+00:00","twitter_card":"summary_large_image","schema":{"@context":"https:\/\/schema.org","@graph":[{"@type":"WebPage","@id":"https:\/\/stansastavbarom.sk\/?page_id=543","url":"https:\/\/stansastavbarom.sk\/?page_id=543","name":"Kariera - sta\u0148 sa stavb\u00e1rom","isPartOf":{"@id":"https:\/\/stansastavbarom.sk\/#website"},"datePublished":"2023-05-20T20:31:07+00:00","dateModified":"2025-06-11T10:37:26+00:00","breadcrumb":{"@id":"https:\/\/stansastavbarom.sk\/?page_id=543#breadcrumb"},"inLanguage":"sk-SK","potentialAction":[{"@type":"ReadAction","target":["https:\/\/stansastavbarom.sk\/?page_id=543"]}]},{"@type":"BreadcrumbList","@id":"https:\/\/stansastavbarom.sk\/?page_id=543#breadcrumb","itemListElement":[{"@type":"ListItem","position":1,"name":"Domovsk\u00e1 str\u00e1nka","item":"https:\/\/stansastavbarom.sk\/"},{"@type":"ListItem","position":2,"name":"Kariera"}]},{"@type":"WebSite","@id":"https:\/\/stansastavbarom.sk\/#website","url":"https:\/\/stansastavbarom.sk\/","name":"sta\u0148 sa stavb\u00e1rom","description":"Budujte bud\u00facnos\u0165","publisher":{"@id":"https:\/\/stansastavbarom.sk\/#organization"},"potentialAction":[{"@type":"SearchAction","target":{"@type":"EntryPoint","urlTemplate":"https:\/\/stansastavbarom.sk\/?s={search_term_string}"},"query-input":{"@type":"PropertyValueSpecification","valueRequired":true,"valueName":"search_term_string"}}],"inLanguage":"sk-SK"},{"@type":"Organization","@id":"https:\/\/stansastavbarom.sk\/#organization","name":"sta\u0148 sa stavb\u00e1rom","url":"https:\/\/stansastavbarom.sk\/","logo":{"@type":"ImageObject","inLanguage":"sk-SK","@id":"https:\/\/stansastavbarom.sk\/#\/schema\/logo\/image\/","url":"https:\/\/stansastavbarom.sk\/wp-content\/uploads\/2023\/03\/cropped-cropped-logo_-_stan_sa_stavbarom01-removebg-preview1-2.png","contentUrl":"https:\/\/stansastavbarom.sk\/wp-content\/uploads\/2023\/03\/cropped-cropped-logo_-_stan_sa_stavbarom01-removebg-preview1-2.png","width":341,"height":250,"caption":"sta\u0148 sa stavb\u00e1rom"},"image":{"@id":"https:\/\/stansastavbarom.sk\/#\/schema\/logo\/image\/"}}]}},"_links":{"self":[{"href":"https:\/\/stansastavbarom.sk\/index.php?rest_route=\/wp\/v2\/pages\/543","targetHints":{"allow":["GET"]}}],"collection":[{"href":"https:\/\/stansastavbarom.sk\/index.php?rest_route=\/wp\/v2\/pages"}],"about":[{"href":"https:\/\/stansastavbarom.sk\/index.php?rest_route=\/wp\/v2\/types\/page"}],"author":[{"embeddable":true,"href":"https:\/\/stansastavbarom.sk\/index.php?rest_route=\/wp\/v2\/users\/1"}],"replies":[{"embeddable":true,"href":"https:\/\/stansastavbarom.sk\/index.php?rest_route=%2Fwp%2Fv2%2Fcomments&post=543"}],"version-history":[{"count":2,"href":"https:\/\/stansastavbarom.sk\/index.php?rest_route=\/wp\/v2\/pages\/543\/revisions"}],"predecessor-version":[{"id":1187,"href":"https:\/\/stansastavbarom.sk\/index.php?rest_route=\/wp\/v2\/pages\/543\/revisions\/1187"}],"wp:attachment":[{"href":"https:\/\/stansastavbarom.sk\/index.php?rest_route=%2Fwp%2Fv2%2Fmedia&parent=543"}],"curies":[{"name":"wp","href":"https:\/\/api.w.org\/{rel}","templated":true}]}}